{"id":3291,"date":"2022-03-08T18:17:14","date_gmt":"2022-03-08T17:17:14","guid":{"rendered":"https:\/\/naveo.pl\/?page_id=3291"},"modified":"2022-05-06T09:19:49","modified_gmt":"2022-05-06T08:19:49","slug":"polityka-prywatnosci-linkedin","status":"publish","type":"page","link":"https:\/\/naveo.pl\/en\/polityka-prywatnosci-linkedin\/","title":{"rendered":"Polityka Prywatno\u015bci Linkedin"},"content":{"rendered":"<p>&nbsp;<\/p>\n<p style=\"text-align: center;\"><span style=\"color: #003366; font-family: verdana, geneva, sans-serif; font-size: 10pt;\">POLITYKA PRYWATNO\u015aCI PROFILU NAVEO NA LINKEDIN<\/span><\/p>\n<p><span style=\"color: #003366; font-family: verdana, geneva, sans-serif; font-size: 10pt;\"><br \/>\n<strong>I. Administrator danych osobowych<\/strong><br \/>\n<\/span><br \/>\n<span style=\"color: #003366; font-family: verdana, geneva, sans-serif; font-size: 10pt;\">Administratorem danych osobowych u\u017cytkownik\u00f3w portalu spo\u0142eczno\u015bciowego LinkedIn odwiedzaj\u0105cych profil naszej firmy pod adresem https:\/\/www.linkedin.com\/company\/naveo-consulting\/ oraz https:\/\/www.linkedin.com\/in\/sektomasz\/ jest Naveo Consulting S\u0119k sp. j. z siedzib\u0105 w Krakowie, ul. Szlak 77\/222, 31-153 Krak\u00f3w, wpisana do rejestru przedsi\u0119biorc\u00f3w Krajowego Rejestru S\u0105dowego, akta rejestrowe: S\u0105d Rejonowy dla Krakowa \u2013 \u015ar\u00f3dmie\u015bcia w Krakowie, XI Wydzia\u0142 Gospodarczy Krajowego Rejestru S\u0105dowego, nr KRS: 0000472769, NIP: 7792415280, dalej r\u00f3wnie\u017c: Naveo lub\u00a0 Administrator.<br \/>\n<\/span><br \/>\n<span style=\"color: #003366; font-family: verdana, geneva, sans-serif; font-size: 10pt;\"><br \/>\n<strong>II. Cel przetwarzania danych osobowych oraz podstawa prawna<\/strong><\/span><\/p>\n<p><span style=\"color: #003366; font-family: verdana, geneva, sans-serif; font-size: 10pt;\"><br \/>\n1. Dane osobowe b\u0119d\u0105 przetwarzane zgodnie z Rozporz\u0105dzeniem Parlamentu Europejskiego i Rady (UE) 2016\/679 z dnia 27 kwietnia 2016 r. w sprawie ochrony os\u00f3b fizycznych w zwi\u0105zku z przetwarzaniem danych osobowych i w sprawie swobodnego przep\u0142ywu takich danych oraz uchylenia dyrektywy 95\/46\/WE (dalej: \u201eRODO\u201d) w celu: <\/span><\/p>\n<p><span style=\"color: #003366; font-family: verdana, geneva, sans-serif; font-size: 10pt;\"><br \/>\n1) umo\u017cliwienia nam kontaktu w ramach profilu Naveo na LinkedIn \u2013 gdy klikniesz \u201eObserwuj\u201d na naszej stronie firmowej, b\u0119dziesz aktywny na naszym profilu np. b\u0119dziesz komentowa\u0107, udost\u0119pnia\u0107 lub zamieszcza\u0107 posty, napiszesz do nas wiadomo\u015b\u0107 prywatn\u0105 &#8211;\u00a0 [art. 6 ust. 1 lit. f) RODO] &#8211;\u00a0 co wynika z prawnie uzasadnionego interesu Naveo, do czasu wniesienia sprzeciwu,<\/span><\/p>\n<p><span style=\"color: #003366; font-family: verdana, geneva, sans-serif; font-size: 10pt;\"><br \/>\n2) obrony przed roszczeniami [art. 6 ust. 1 lit. f) RODO] \u2013 przez okres przedawnienia roszcze\u0144 wskazany we w\u0142a\u015bciwych przepisach prawa,<br \/>\n<span style=\"color: #003366; font-family: verdana, geneva, sans-serif; font-size: 10pt;\"><br \/>\n3) marketingu bezpo\u015bredniego produkt\u00f3w lub us\u0142ug Naveo \u2013 co wynika z prawnie uzasadnionego interesu Naveo jakim jest m.in. dbanie o wizerunek firmy [art. 6 ust. 1 lit. f) RODO w zw. z motywem 47 RODO) &#8211; do czasu wniesienia sprzeciwu,<br \/>\n<span style=\"color: #003366; font-family: verdana, geneva, sans-serif; font-size: 10pt;\"><br \/>\n4) przekazywania tre\u015bci marketingowych drog\u0105 elektroniczn\u0105 przez Naveo [art. 6 ust. 1 lit. a) RODO w zw. z art. 172 ustawy z dnia 16 lipca 2004 r. &#8211; Prawo telekomunikacyjne i art. 10 ustawy z dnia 18 lipca 2002 r. o \u015bwiadczeniu us\u0142ug drog\u0105 elektroniczn\u0105] \u2013 w przypadku wyra\u017cenia osobnej zgody, do czasu jej cofni\u0119cia. Cofni\u0119cie zgody mo\u017ce nast\u0105pi\u0107 w ka\u017cdym momencie, lecz nie ma ono wp\u0142ywu na przetwarzanie danych dokonane przed takim cofni\u0119ciem,<br \/>\n<span style=\"color: #003366; font-family: verdana, geneva, sans-serif; font-size: 10pt;\"><br \/>\n5) tworzenia zestawie\u0144, staty\u00adstyk i\/lub analiz na potrzeby wewn\u0119trzne Naveo [art. 6 ust. 1 lit. f) RODO] \u2013 co wynika z prawnie uzasadnionego interesu Naveo, do czasu uwzgl\u0119dnienia przez Naveo uzasadnionego sprzeciwu albo wniesienia sprzeciwu,<br \/>\n<span style=\"color: #003366; font-family: verdana, geneva, sans-serif; font-size: 10pt;\"><br \/>\n6) wype\u0142nienia obowi\u0105zk\u00f3w prawnych ci\u0105\u017c\u0105cych na Naveo [art. 6 ust. 1 lit. c) RODO] \u2013 przez okres wskazany we w\u0142a\u015bciwych przepisach prawa,<br \/>\n<span style=\"color: #003366; font-family: verdana, geneva, sans-serif; font-size: 10pt;\"><br \/>\n7) wskazanym zgodnie z odr\u0119bnie udzielon\u0105 nam zgod\u0105 [art. 6 ust. 1 lit a) RODO] &#8211; w zakresie i celu tam wskazanym, do czasu jej ewentualnego cofni\u0119cia (mo\u017cna to zrobi\u0107 w dowolnej chwili), co pozostaje bez wp\u0142ywu na zgodno\u015b\u0107 z prawem przetwarzania sprzed wycofania zgody.<br \/>\n<span style=\"color: #003366; font-family: verdana, geneva, sans-serif; font-size: 10pt;\"><br \/>\n2. Dane osobowe s\u0105 podawane na zasadach dobrowolno\u015bci. Odmowa podania danych osobowych mo\u017ce skutkowa\u0107 niemo\u017cliwo\u015bci\u0105 \u015bwiadczenia danej us\u0142ugi.<br \/>\n<span style=\"color: #003366; font-family: verdana, geneva, sans-serif; font-size: 10pt;\"><br \/>\n<strong><span style=\"color: #003366; font-family: verdana, geneva, sans-serif; font-size: 10pt;\">III. Odbiorcy danych<\/span><\/strong><\/span><\/span><\/span><\/span><\/span><\/span><\/span><\/span><br \/>\n<span style=\"color: #003366; font-family: verdana, geneva, sans-serif; font-size: 10pt;\"><br \/>\n1. Odbiorcami danych mog\u0105 by\u0107 podmioty lub osoby wsp\u00f3\u0142pracuj\u0105ce z nami w zakresie realizowania cel\u00f3w, wskazanych w pkt. II powy\u017cej. Odbiorc\u0105 danych jest w szczeg\u00f3lno\u015bci LinkedIn Ireland Unlimited Company. Informacje dotycz\u0105ce danych przetwarzanych przez LinkedIn Ireland Unlimited Company mo\u017cna znale\u017a\u0107 tutaj: <a href=\"https:\/\/pl.linkedin.com\/legal\/privacy-policy\">https:\/\/pl.linkedin.com\/legal\/privacy-policy<\/a>?, <a href=\"https:\/\/www.linkedin.com\/help\/linkedin\/answer\/89878\">https:\/\/www.linkedin.com\/help\/linkedin\/answer\/89878<\/a><br \/>\n<span style=\"color: #003366; font-family: verdana, geneva, sans-serif; font-size: 10pt;\"><br \/>\n2. W przypadku przekazywania przez Administratora danych poza Europejski Obszar Gospodarczy (dalej: EOG), korzystania z narz\u0119dzi podmiot\u00f3w, kt\u00f3re maj\u0105 swoj\u0105 siedzib\u0119 poza EOG lub kt\u00f3re mog\u0105 przechowywa\u0107 dane poza EOG, (Pani\/Pana dane osobowe nie b\u0119d\u0105 przekazywane do organizacji mi\u0119dzynarodowych), administrator zastosuje wszelkie dost\u0119pne prawnie \u015brodki ochrony (np. przewidziane w art. 46 RODO) w celu zabezpieczenia takiego przekazania danych. Do przekazywania danych poza EOG mo\u017ce dochodzi\u0107 na podstawie wyj\u0105tk\u00f3w przewidzianych w art. 49 RODO, o ile maj\u0105 zastosowanie warunki okre\u015blone w tym artykule. Informacje na temat stosowanych zabezpiecze\u0144 mo\u017cna uzyska\u0107 kontaktuj\u0105c si\u0119 z Administratorem. Wi\u0119cej informacji w zakresie przekazywania danych z Unii Europejskiej, EOG i Szwajcarii mo\u017cna znale\u017a\u0107 tutaj:<\/span><\/span><br \/>\n<span style=\"color: #003366; font-family: verdana, geneva, sans-serif; font-size: 10pt;\"><br \/>\n<a href=\"https:\/\/www.linkedin.com\/help\/linkedin\/answer\/62548\/przekazywanie-danych-z-unii-europejskiej-europejskiego-obszaru-gospodarczego-i-szwajcarii\">https:\/\/www.linkedin.com\/help\/linkedin\/answer\/62548\/przekazywanie-danych-z-unii-europejskiej-europejskiego-obszaru-gospodarczego-i-szwajcarii<\/a>.<br \/>\n<span style=\"color: #003366; font-family: verdana, geneva, sans-serif; font-size: 10pt;\"><br \/>\n<strong>IV. Pa\u0144stwa uprawnienia<\/strong><\/span><\/span><\/p>\n<p><span style=\"color: #003366; font-family: verdana, geneva, sans-serif; font-size: 10pt;\">1. Ma Pan\/i prawo dost\u0119pu do tre\u015bci swoich danych oraz do ich sprostowania, usuni\u0119cia, ograniczenia przetwarzania, przenoszenia danych.<br \/>\n2. Dane osobowe nie b\u0119d\u0105 przetwarzane w spos\u00f3b zautomatyzowany w tym r\u00f3wnie\u017c w formie profilowania tzn. \u017cadne decyzje wywo\u0142uj\u0105ce wobec osoby skutki prawne lub w podobny spos\u00f3b na ni\u0105 istotnie wp\u0142ywaj\u0105ce nie b\u0119d\u0105 oparte wy\u0142\u0105cznie na automatycznym przetwarzaniu danych osobowych i nie wi\u0105\u017c\u0105 si\u0119 z tak\u0105 automatycznie podejmowan\u0105 decyzj\u0105. <\/span><\/p>\n<p><span style=\"color: #003366; font-family: verdana, geneva, sans-serif; font-size: 10pt;\"><br \/>\n<strong>V. Sprzeciw<\/strong><br \/>\n<span style=\"color: #003366; font-family: verdana, geneva, sans-serif; font-size: 10pt;\"><br \/>\nOpr\u00f3cz a uprawnie\u0144 wskazanych w pkt. IV powy\u017cej, ma Pan\/i tak\u017ce prawo wniesienia sprzeciwu wobec przetwarzania danych osobowych z przyczyn zwi\u0105zanych z Pani\/Pana szczeg\u00f3ln\u0105 sytuacj\u0105, a tak\u017ce prawo wniesienia sprzeciwu wobec przetwarzania danych w celach marketingu bezpo\u015bredniego przez Naveo.<br \/>\n<span style=\"color: #003366; font-family: verdana, geneva, sans-serif; font-size: 10pt;\"><br \/>\n<strong>VI. Skarga<\/strong><br \/>\n<span style=\"color: #003366; font-family: verdana, geneva, sans-serif; font-size: 10pt;\"><br \/>\nMa Pan\/i prawo do wniesienia skargi do organu nadzorczego &#8211; Prezesa Urz\u0119du Ochrony Danych Osobowych, gdy uzna Pan\/i, i\u017c przetwarzanie danych osobowych Pana\/Pani dotycz\u0105cych jest niezgodne z\u00a0prawem.<br \/>\n<span style=\"color: #003366; font-family: verdana, geneva, sans-serif; font-size: 10pt;\"><br \/>\n<strong>VII. LinkedIn i Naveo &#8211; r\u00f3wnie\u017c jako osobni administratorzy danych osobowych<\/strong><br \/>\n<span style=\"color: #003366; font-family: verdana, geneva, sans-serif; font-size: 10pt;\"><br \/>\nNiekt\u00f3re us\u0142ugi w ramach LinkedIn mog\u0105 oferowa\u0107 zintegrowany podgl\u0105d i eksport danych osobowych cz\u0142onk\u00f3w LinkedIn, do kt\u00f3rych Naveo jako klient LinkedIn mo\u017ce mie\u0107 ju\u017c dost\u0119p na stronie LinkedIn \u2014 LinkedIn.com, zgodnie z ustawieniami prywatno\u015bci tych cz\u0142onk\u00f3w.<br \/>\n<span style=\"color: #003366; font-family: verdana, geneva, sans-serif; font-size: 10pt;\"><br \/>\nDo cel\u00f3w RODO, w przypadku eksportu danych osobowych zleconego przez cz\u0142onka lub w przypadku gdy Naveo ma ju\u017c dost\u0119p do tych danych osobowych, zar\u00f3wno Naveo, jak i LinkedIn b\u0119d\u0105 niezale\u017cnymi administratorami danych osobowych uzyskanych pierwotnie w ramach us\u0142ug LinkedIn.<br \/>\n<span style=\"color: #003366; font-family: verdana, geneva, sans-serif; font-size: 10pt;\"><br \/>\nW takich przypadkach zar\u00f3wno LinkedIn, jak i Naveo wyst\u0119puj\u0105 w roli administrator\u00f3w danych w odniesieniu do posiadanych przez nich kopii danych osobowych.<br \/>\n<span style=\"color: #003366; font-family: verdana, geneva, sans-serif; font-size: 10pt;\"><br \/>\nKa\u017cda ze stron \u2014 w zakresie, w jakim wraz z drug\u0105 stron\u0105 pe\u0142ni rol\u0119 administratora, zgodnie z definicj\u0105 tego terminu zawart\u0105 w obowi\u0105zuj\u0105cych Wymogach w Zakresie Ochrony Danych \u2014 b\u0119dzie w odniesieniu do danych osobowych zasadnie wsp\u00f3\u0142pracowa\u0107 z drug\u0105 stron\u0105 w celu umo\u017cliwienia wykonywania praw dotycz\u0105cych ochrony danych, okre\u015blonych w RODO oraz innych Wymogach w Zakresie Ochrony Danych.<br \/>\n<span style=\"color: #003366; font-family: verdana, geneva, sans-serif; font-size: 10pt;\"><br \/>\nWi\u0119cej informacji mo\u017cna znale\u017a\u0107 pod adresem: <a href=\"https:\/\/pl.linkedin.com\/legal\/l\/dpa\">https:\/\/pl.linkedin.com\/legal\/l\/dpa<\/a><br \/>\n<\/span><\/span><\/span><\/span><\/span><\/span><\/span><\/span><\/span><\/span><\/p>\n","protected":false},"excerpt":{"rendered":"<p>&nbsp; POLITYKA PRYWATNO\u015aCI PROFILU NAVEO NA LINKEDIN I. Administrator danych osobowych Administratorem danych osobowych u\u017cytkownik\u00f3w portalu spo\u0142eczno\u015bciowego LinkedIn odwiedzaj\u0105cych profil naszej firmy pod adresem https:\/\/www.linkedin.com\/company\/naveo-consulting\/ oraz https:\/\/www.linkedin.com\/in\/sektomasz\/ jest Naveo Consulting S\u0119k sp. j. z siedzib\u0105 w Krakowie, ul. Szlak 77\/222, 31-153 Krak\u00f3w, wpisana do rejestru przedsi\u0119biorc\u00f3w Krajowego Rejestru S\u0105dowego, akta rejestrowe: S\u0105d Rejonowy dla Krakowa [&hellip;]<\/p>\n","protected":false},"author":3,"featured_media":0,"parent":0,"menu_order":0,"comment_status":"closed","ping_status":"closed","template":"page-bialetlo.php","meta":{"_monsterinsights_skip_tracking":false,"_monsterinsights_sitenote_active":false,"_monsterinsights_sitenote_note":"","_monsterinsights_sitenote_category":0,"footnotes":""},"class_list":["post-3291","page","type-page","status-publish","hentry"],"yoast_head":"<!-- This site is optimized with the Yoast SEO plugin v25.2 - https:\/\/yoast.com\/wordpress\/plugins\/seo\/ -->\n<title>Polityka Prywatno\u015bci Linkedin &#187; NAVEO \u00bb<\/title>\n<meta name=\"robots\" content=\"index, follow, max-snippet:-1, max-image-preview:large, max-video-preview:-1\" \/>\n<link rel=\"canonical\" href=\"https:\/\/naveo.pl\/en\/polityka-prywatnosci-linkedin\/\" \/>\n<meta property=\"og:locale\" content=\"en_US\" \/>\n<meta property=\"og:type\" content=\"article\" \/>\n<meta property=\"og:title\" content=\"Polityka Prywatno\u015bci Linkedin &#187; NAVEO \u00bb\" \/>\n<meta property=\"og:description\" content=\"&nbsp; POLITYKA PRYWATNO\u015aCI PROFILU NAVEO NA LINKEDIN I. Administrator danych osobowych Administratorem danych osobowych u\u017cytkownik\u00f3w portalu spo\u0142eczno\u015bciowego LinkedIn odwiedzaj\u0105cych profil naszej firmy pod adresem https:\/\/www.linkedin.com\/company\/naveo-consulting\/ oraz https:\/\/www.linkedin.com\/in\/sektomasz\/ jest Naveo Consulting S\u0119k sp. j. z siedzib\u0105 w Krakowie, ul. Szlak 77\/222, 31-153 Krak\u00f3w, wpisana do rejestru przedsi\u0119biorc\u00f3w Krajowego Rejestru S\u0105dowego, akta rejestrowe: S\u0105d Rejonowy dla Krakowa [&hellip;]\" \/>\n<meta property=\"og:url\" content=\"https:\/\/naveo.pl\/en\/polityka-prywatnosci-linkedin\/\" \/>\n<meta property=\"og:site_name\" content=\"NAVEO \u00bb\" \/>\n<meta property=\"article:publisher\" content=\"https:\/\/www.facebook.com\/NaveoConsulting\" \/>\n<meta property=\"article:modified_time\" content=\"2022-05-06T08:19:49+00:00\" \/>\n<meta name=\"twitter:card\" content=\"summary_large_image\" \/>\n<meta name=\"twitter:label1\" content=\"Est. reading time\" \/>\n\t<meta name=\"twitter:data1\" content=\"5 minutes\" \/>\n<script type=\"application\/ld+json\" class=\"yoast-schema-graph\">{\"@context\":\"https:\/\/schema.org\",\"@graph\":[{\"@type\":\"WebPage\",\"@id\":\"https:\/\/naveo.pl\/en\/polityka-prywatnosci-linkedin\/\",\"url\":\"https:\/\/naveo.pl\/en\/polityka-prywatnosci-linkedin\/\",\"name\":\"Polityka Prywatno\u015bci Linkedin &#187; NAVEO \u00bb\",\"isPartOf\":{\"@id\":\"https:\/\/naveo.pl\/#website\"},\"datePublished\":\"2022-03-08T17:17:14+00:00\",\"dateModified\":\"2022-05-06T08:19:49+00:00\",\"breadcrumb\":{\"@id\":\"https:\/\/naveo.pl\/en\/polityka-prywatnosci-linkedin\/#breadcrumb\"},\"inLanguage\":\"en-US\",\"potentialAction\":[{\"@type\":\"ReadAction\",\"target\":[\"https:\/\/naveo.pl\/en\/polityka-prywatnosci-linkedin\/\"]}]},{\"@type\":\"BreadcrumbList\",\"@id\":\"https:\/\/naveo.pl\/en\/polityka-prywatnosci-linkedin\/#breadcrumb\",\"itemListElement\":[{\"@type\":\"ListItem\",\"position\":1,\"name\":\"Home\",\"item\":\"https:\/\/naveo.pl\/en\/home\/\"},{\"@type\":\"ListItem\",\"position\":2,\"name\":\"Polityka Prywatno\u015bci Linkedin\"}]},{\"@type\":\"WebSite\",\"@id\":\"https:\/\/naveo.pl\/#website\",\"url\":\"https:\/\/naveo.pl\/\",\"name\":\"NAVEO.pl \u00bb\",\"description\":\"doradztwo biznesowe dla kancelarii, szkolenie prawnik\u00f3w, psychometria, narz\u0119dzia finansowe\",\"publisher\":{\"@id\":\"https:\/\/naveo.pl\/#organization\"},\"potentialAction\":[{\"@type\":\"SearchAction\",\"target\":{\"@type\":\"EntryPoint\",\"urlTemplate\":\"https:\/\/naveo.pl\/?s={search_term_string}\"},\"query-input\":{\"@type\":\"PropertyValueSpecification\",\"valueRequired\":true,\"valueName\":\"search_term_string\"}}],\"inLanguage\":\"en-US\"},{\"@type\":\"Organization\",\"@id\":\"https:\/\/naveo.pl\/#organization\",\"name\":\"NAVEO CONSULTING S\u0118K sp. j.\",\"url\":\"https:\/\/naveo.pl\/\",\"logo\":{\"@type\":\"ImageObject\",\"inLanguage\":\"en-US\",\"@id\":\"https:\/\/naveo.pl\/#\/schema\/logo\/image\/\",\"url\":\"https:\/\/naveo.pl\/wp-content\/uploads\/2019\/05\/Naveo_logo_2019c.png\",\"contentUrl\":\"https:\/\/naveo.pl\/wp-content\/uploads\/2019\/05\/Naveo_logo_2019c.png\",\"width\":2947,\"height\":1498,\"caption\":\"NAVEO CONSULTING S\u0118K sp. j.\"},\"image\":{\"@id\":\"https:\/\/naveo.pl\/#\/schema\/logo\/image\/\"},\"sameAs\":[\"https:\/\/www.facebook.com\/NaveoConsulting\",\"https:\/\/www.linkedin.com\/company\/naveo-consulting-s\u0119k-sp-j\/\"]}]}<\/script>\n<!-- \/ Yoast SEO plugin. -->","yoast_head_json":{"title":"Polityka Prywatno\u015bci Linkedin &#187; NAVEO \u00bb","robots":{"index":"index","follow":"follow","max-snippet":"max-snippet:-1","max-image-preview":"max-image-preview:large","max-video-preview":"max-video-preview:-1"},"canonical":"https:\/\/naveo.pl\/en\/polityka-prywatnosci-linkedin\/","og_locale":"en_US","og_type":"article","og_title":"Polityka Prywatno\u015bci Linkedin &#187; NAVEO \u00bb","og_description":"&nbsp; POLITYKA PRYWATNO\u015aCI PROFILU NAVEO NA LINKEDIN I. Administrator danych osobowych Administratorem danych osobowych u\u017cytkownik\u00f3w portalu spo\u0142eczno\u015bciowego LinkedIn odwiedzaj\u0105cych profil naszej firmy pod adresem https:\/\/www.linkedin.com\/company\/naveo-consulting\/ oraz https:\/\/www.linkedin.com\/in\/sektomasz\/ jest Naveo Consulting S\u0119k sp. j. z siedzib\u0105 w Krakowie, ul. Szlak 77\/222, 31-153 Krak\u00f3w, wpisana do rejestru przedsi\u0119biorc\u00f3w Krajowego Rejestru S\u0105dowego, akta rejestrowe: S\u0105d Rejonowy dla Krakowa [&hellip;]","og_url":"https:\/\/naveo.pl\/en\/polityka-prywatnosci-linkedin\/","og_site_name":"NAVEO \u00bb","article_publisher":"https:\/\/www.facebook.com\/NaveoConsulting","article_modified_time":"2022-05-06T08:19:49+00:00","twitter_card":"summary_large_image","twitter_misc":{"Est. reading time":"5 minutes"},"schema":{"@context":"https:\/\/schema.org","@graph":[{"@type":"WebPage","@id":"https:\/\/naveo.pl\/en\/polityka-prywatnosci-linkedin\/","url":"https:\/\/naveo.pl\/en\/polityka-prywatnosci-linkedin\/","name":"Polityka Prywatno\u015bci Linkedin &#187; NAVEO \u00bb","isPartOf":{"@id":"https:\/\/naveo.pl\/#website"},"datePublished":"2022-03-08T17:17:14+00:00","dateModified":"2022-05-06T08:19:49+00:00","breadcrumb":{"@id":"https:\/\/naveo.pl\/en\/polityka-prywatnosci-linkedin\/#breadcrumb"},"inLanguage":"en-US","potentialAction":[{"@type":"ReadAction","target":["https:\/\/naveo.pl\/en\/polityka-prywatnosci-linkedin\/"]}]},{"@type":"BreadcrumbList","@id":"https:\/\/naveo.pl\/en\/polityka-prywatnosci-linkedin\/#breadcrumb","itemListElement":[{"@type":"ListItem","position":1,"name":"Home","item":"https:\/\/naveo.pl\/en\/home\/"},{"@type":"ListItem","position":2,"name":"Polityka Prywatno\u015bci Linkedin"}]},{"@type":"WebSite","@id":"https:\/\/naveo.pl\/#website","url":"https:\/\/naveo.pl\/","name":"NAVEO.pl \u00bb","description":"doradztwo biznesowe dla kancelarii, szkolenie prawnik\u00f3w, psychometria, narz\u0119dzia finansowe","publisher":{"@id":"https:\/\/naveo.pl\/#organization"},"potentialAction":[{"@type":"SearchAction","target":{"@type":"EntryPoint","urlTemplate":"https:\/\/naveo.pl\/?s={search_term_string}"},"query-input":{"@type":"PropertyValueSpecification","valueRequired":true,"valueName":"search_term_string"}}],"inLanguage":"en-US"},{"@type":"Organization","@id":"https:\/\/naveo.pl\/#organization","name":"NAVEO CONSULTING S\u0118K sp. j.","url":"https:\/\/naveo.pl\/","logo":{"@type":"ImageObject","inLanguage":"en-US","@id":"https:\/\/naveo.pl\/#\/schema\/logo\/image\/","url":"https:\/\/naveo.pl\/wp-content\/uploads\/2019\/05\/Naveo_logo_2019c.png","contentUrl":"https:\/\/naveo.pl\/wp-content\/uploads\/2019\/05\/Naveo_logo_2019c.png","width":2947,"height":1498,"caption":"NAVEO CONSULTING S\u0118K sp. j."},"image":{"@id":"https:\/\/naveo.pl\/#\/schema\/logo\/image\/"},"sameAs":["https:\/\/www.facebook.com\/NaveoConsulting","https:\/\/www.linkedin.com\/company\/naveo-consulting-s\u0119k-sp-j\/"]}]}},"_links":{"self":[{"href":"https:\/\/naveo.pl\/en\/wp-json\/wp\/v2\/pages\/3291","targetHints":{"allow":["GET"]}}],"collection":[{"href":"https:\/\/naveo.pl\/en\/wp-json\/wp\/v2\/pages"}],"about":[{"href":"https:\/\/naveo.pl\/en\/wp-json\/wp\/v2\/types\/page"}],"author":[{"embeddable":true,"href":"https:\/\/naveo.pl\/en\/wp-json\/wp\/v2\/users\/3"}],"replies":[{"embeddable":true,"href":"https:\/\/naveo.pl\/en\/wp-json\/wp\/v2\/comments?post=3291"}],"version-history":[{"count":1,"href":"https:\/\/naveo.pl\/en\/wp-json\/wp\/v2\/pages\/3291\/revisions"}],"predecessor-version":[{"id":3292,"href":"https:\/\/naveo.pl\/en\/wp-json\/wp\/v2\/pages\/3291\/revisions\/3292"}],"wp:attachment":[{"href":"https:\/\/naveo.pl\/en\/wp-json\/wp\/v2\/media?parent=3291"}],"curies":[{"name":"wp","href":"https:\/\/api.w.org\/{rel}","templated":true}]}}