{"id":3289,"date":"2022-03-08T18:18:33","date_gmt":"2022-03-08T17:18:33","guid":{"rendered":"https:\/\/naveo.pl\/?page_id=3289"},"modified":"2022-05-06T09:19:26","modified_gmt":"2022-05-06T08:19:26","slug":"polityka-prywatnosci-facebook","status":"publish","type":"page","link":"https:\/\/naveo.pl\/en\/polityka-prywatnosci-facebook\/","title":{"rendered":"Polityka Prywatno\u015bci Facebook"},"content":{"rendered":"<p>&nbsp;<\/p>\n<p>&nbsp;<\/p>\n<p>&nbsp;<\/p>\n<p>&nbsp;<\/p>\n<p style=\"text-align: center;\"><span style=\"color: #003366; font-family: verdana, geneva, sans-serif; font-size: 10pt;\">POLITYKA PRYWATNO\u015aCI SERWISU NAVEO na portalu FACEBOOK<\/span><\/p>\n<p><strong>I. Administrator danych osobowych<\/strong><\/p>\n<p><span style=\"color: #003366; font-family: verdana, geneva, sans-serif; font-size: 10pt;\"><br \/>\nAdministratorem danych osobowych u\u017cytkownik\u00f3w portalu spo\u0142eczno\u015bciowego Facebook odwiedzaj\u0105cych profil naszej firmy pod adresem https:\/\/pl-pl.facebook.com\/pg\/NaveoConsulting\/ \u00a0jest Naveo Consulting S\u0119k sp. j. z siedzib\u0105 w Krakowie, ul. Szlak 77\/222, 31-153 Krak\u00f3w, wpisana do rejestru przedsi\u0119biorc\u00f3w Krajowego Rejestru S\u0105dowego, akta rejestrowe: S\u0105d Rejonowy dla Krakowa \u2013 \u015ar\u00f3dmie\u015bcia w Krakowie, XI Wydzia\u0142 Gospodarczy Krajowego Rejestru S\u0105dowego, nr KRS: 0000472769, NIP: 7792415280, dalej r\u00f3wnie\u017c: Naveo lub\u00a0 Administrator.<\/span><\/p>\n<p><strong>II. Cel przetwarzania danych osobowych oraz podstawa prawna<\/strong><\/p>\n<ol>\n<li>Dane osobowe b\u0119d\u0105 przetwarzane zgodnie z\u00a0Rozporz\u0105dzeniem Parlamentu Europejskiego i\u00a0Rady (UE) 2016\/679 z\u00a0dnia 27 kwietnia 2016 r. w\u00a0sprawie ochrony os\u00f3b fizycznych w\u00a0zwi\u0105zku z\u00a0przetwarzaniem danych osobowych i\u00a0w\u00a0sprawie swobodnego przep\u0142ywu takich danych oraz uchylenia dyrektywy 95\/46\/WE (dalej jako: \u201eRODO\u201d) w\u00a0celu:\n<ul>\n<li>umo\u017cliwienia nam kontaktu w\u00a0ramach naszego fanpage`a na Meta (Facebooku) \u2013 gdy polubisz nasz fanpage lub posty, b\u0119dziesz aktywny na naszym fanpage`u np. b\u0119dziesz komentowa\u0107, zamieszcza\u0107 posty, napiszesz do nas wiadomo\u015b\u0107 na Messengerze [art. 6 ust. 1 lit. f) RODO] &#8211;\u00a0 co\u00a0wynika z\u00a0prawnie uzasadnionego interesu Naveo, do czasu wniesienia sprzeciwu,<\/li>\n<li>obrony przed roszczeniami [art. 6 ust. 1 lit. f) RODO \u2013 przez okres przedawnienia roszcze\u0144 wskazany we w\u0142a\u015bciwych przepisach prawa,<\/li>\n<li>marketingu bezpo\u015bredniego produkt\u00f3w lub us\u0142ug Naveo \u2013 co\u00a0wynika z\u00a0prawnie uzasadnionego interesu Naveo jakim jest m.in. dbanie o wizerunek marki \/ firmy [art. 6 ust. 1 lit. f) RODO w\u00a0zw. z\u00a0motywem 47 RODO] &#8211; do czasu wniesienia sprzeciwu,<\/li>\n<li>przekazywania tre\u015bci marketingowych drog\u0105 elektroniczn\u0105 przez Naveo [art. 6 ust. 1 lit. a) RODO w\u00a0zw. z\u00a0art. 172 ustawy z\u00a0dnia 16 lipca 2004 r. &#8211; Prawo telekomunikacyjne i\u00a0art. 10 ustawy z\u00a0dnia 18 lipca 2002 r. o \u015bwiadczeniu us\u0142ug drog\u0105 elektroniczn\u0105] \u2013 w\u00a0przypadku wyra\u017cenia osobnej zgody, do czasu jej cofni\u0119cia. Cofni\u0119cie zgody mo\u017ce nast\u0105pi\u0107 w\u00a0ka\u017cdym momencie, lecz nie ma ono wp\u0142ywu na przetwarzanie danych dokonane przed takim cofni\u0119ciem,<\/li>\n<li>tworzenia zestawie\u0144, staty\u00adstyk i\/lub analiz na potrzeby wewn\u0119trzne Naveo [art. 6 ust. 1 lit. f) RODO] \u2013 co\u00a0wynika z\u00a0prawnie uzasadnionego interesu Naveo, do czasu uwzgl\u0119dnienia przez Naveo uzasadnionego sprzeciwu albo wniesienia sprzeciwu,<\/li>\n<li>wype\u0142nienia obowi\u0105zk\u00f3w prawnych ci\u0105\u017c\u0105cych na Naveo [art. 6 ust. 1 lit. c) RODO] \u2013 przez okres wskazany we w\u0142a\u015bciwych przepisach prawa,<\/li>\n<li>wskazanym zgodnie z\u00a0odr\u0119bnie udzielon\u0105 nam zgod\u0105 [art. 6 ust. 1 lit a) RODO] &#8211; w\u00a0zakresie i\u00a0celu tam wskazanym, do czasu jej ewentualnego cofni\u0119cia (mo\u017cna to zrobi\u0107 w\u00a0dowolnej chwili), co pozostaje bez wp\u0142ywu na zgodno\u015b\u0107 z\u00a0prawem przetwarzania sprzed wycofania zgody.<\/li>\n<\/ul>\n<\/li>\n<li>Dane osobowe s\u0105 podawane na zasadach dobrowolno\u015bci. Odmowa podania danych osobowych mo\u017ce skutkowa\u0107 niemo\u017cliwo\u015bci\u0105 \u015bwiadczenia danej us\u0142ugi.<\/li>\n<\/ol>\n<p><strong>III. Odbiorcy danych<\/strong><\/p>\n<ol>\n<li>Odbiorcami danych mog\u0105 by\u0107 podmioty lub osoby wsp\u00f3\u0142pracuj\u0105ce z\u00a0nami w\u00a0zakresie realizowania cel\u00f3w, wskazanych w\u00a0pkt. II powy\u017cej. Odbiorc\u0105 danych jest w\u00a0szczeg\u00f3lno\u015bci Meta Platforms Ireland Ltd. (dawniej: Facebook Ireland Limited). Informacje dotycz\u0105ce danych przetwarzanych przez Meta Platforms Ireland Ltd. mo\u017cna znale\u017a\u0107 tutaj: <a href=\"https:\/\/www.facebook.com\/about\/privacy\/update\">https:\/\/www.facebook.com\/about\/privacy\/update<\/a> oraz np. tutaj: <a href=\"https:\/\/www.facebook.com\/help\/566994660333381?ref=dp\">https:\/\/www.facebook.com\/help\/566994660333381?ref=dp<\/a><\/li>\n<li>W przypadku przekazywania przez Administratora danych poza Europejski Obszar Gospodarczy (dalej: EOG), korzystania z narz\u0119dzi podmiot\u00f3w, kt\u00f3re maj\u0105 swoj\u0105 siedzib\u0119 poza EOG lub kt\u00f3re mog\u0105 przechowywa\u0107 dane poza EOG jak np. Meta Platforms Ireland Ltd., (Pani\/Pana dane osobowe nie b\u0119d\u0105 przekazywane do organizacji mi\u0119dzynarodowych), administrator zastosuje wszelkie dost\u0119pne prawnie \u015brodki ochrony (np. przewidziane w art. 46 RODO) w celu zabezpieczenia takiego przekazania danych. Do przekazywania danych poza EOG mo\u017ce dochodzi\u0107 na podstawie wyj\u0105tk\u00f3w przewidzianych w art. 49 RODO, o ile maj\u0105 zastosowanie warunki okre\u015blone w tym artykule. Informacje na temat stosowanych zabezpiecze\u0144 mo\u017cna uzyska\u0107 kontaktuj\u0105c si\u0119 z Administratorem.<\/li>\n<\/ol>\n<p><strong>IV. Pa\u0144stwa uprawnienia<\/strong><\/p>\n<ol>\n<li>Ma Pan\/i prawo dost\u0119pu do tre\u015bci swoich danych oraz do ich sprostowania, usuni\u0119cia, ograniczenia przetwarzania, przenoszenia danych.<\/li>\n<li>Dane osobowe nie b\u0119d\u0105 przetwarzane w spos\u00f3b zautomatyzowany w tym r\u00f3wnie\u017c w formie profilowania tzn. \u017cadne decyzje wywo\u0142uj\u0105ce wobec osoby skutki prawne lub w podobny spos\u00f3b na ni\u0105 istotnie wp\u0142ywaj\u0105ce nie b\u0119d\u0105 oparte wy\u0142\u0105cznie na automatycznym przetwarzaniu danych osobowych i nie wi\u0105\u017c\u0105 si\u0119 z tak\u0105 automatycznie podejmowan\u0105 decyzj\u0105.<\/li>\n<\/ol>\n<p><strong>V. Sprzeciw<\/strong><\/p>\n<p>Opr\u00f3cz uprawnie\u0144 wskazanych w pkt. IV powy\u017cej, ma Pan\/i tak\u017ce prawo wniesienia sprzeciwu wobec przetwarzania danych osobowych z przyczyn zwi\u0105zanych z Pani\/Pana szczeg\u00f3ln\u0105 sytuacj\u0105, a tak\u017ce prawo wniesienia sprzeciwu wobec przetwarzania danych w celach marketingu bezpo\u015bredniego przez Naveo.<\/p>\n<p><strong>VI. Skarga<\/strong><\/p>\n<p>Ma Pan\/i prawo do wniesienia skargi do organu nadzorczego &#8211; Prezesa Urz\u0119du Ochrony Danych Osobowych, gdy uzna Pan\/i, i\u017c przetwarzanie danych osobowych Pana\/Pani dotycz\u0105cych jest niezgodne z\u00a0prawem.<\/p>\n<p><strong>VII. Wsp\u00f3\u0142administrowanie<\/strong><\/p>\n<p>W zakresie gromadzenia statystyk (w tym za po\u015brednictwem wtyczek Facebook), Facebook i\u00a0my (tj. Naveo) jeste\u015bmy wsp\u00f3\u0142administratorami danych zgodnie z\u00a0art. 26 RODO w\u00a0zakresie przetwarzania takich danych osobowych w\u00a0zdarzeniach dla statystyk strony (\u201edane ze statystyk\u201d), co jest oparte na prawnie uzasadnionym interesie [art. 6 ust. 1 lit. f) RODO].<\/p>\n<p>Wsp\u00f3lne administrowanie danymi obejmuje tworzenie takich zdarze\u0144 i\u00a0ich zbiorcz\u0105 analiz\u0119 w\u00a0statystykach strony przekazywanych administratorom strony. Wsp\u00f3lne uzgodnienia z\u00a0Facebook \u00a0s\u0105 dost\u0119pne tutaj: <a href=\"https:\/\/www.facebook.com\/legal\/terms\/page_controller_addendum\">https:\/\/www.facebook.com\/legal\/terms\/page_controller_addendum<\/a>, co do aktualizacji uzgodnie\u0144 \u2013 wi\u0119cej informacji mo\u017cna znale\u017a\u0107 tutaj: <a href=\"https:\/\/www.facebook.com\/legal\/terms\/update\">https:\/\/www.facebook.com\/legal\/terms\/update<\/a><\/p>\n<p>Jeszcze wi\u0119cej informacji na ten temat \u2013 jest dost\u0119pnych m.in. tu: <a href=\"https:\/\/www.facebook.com\/legal\/terms\/information_about_page_insights_data\">https:\/\/www.facebook.com\/legal\/terms\/information_about_page_insights_data<\/a><\/p>\n","protected":false},"excerpt":{"rendered":"<p>&nbsp; &nbsp; &nbsp; &nbsp; POLITYKA PRYWATNO\u015aCI SERWISU NAVEO na portalu FACEBOOK I. Administrator danych osobowych Administratorem danych osobowych u\u017cytkownik\u00f3w portalu spo\u0142eczno\u015bciowego Facebook odwiedzaj\u0105cych profil naszej firmy pod adresem https:\/\/pl-pl.facebook.com\/pg\/NaveoConsulting\/ \u00a0jest Naveo Consulting S\u0119k sp. j. z siedzib\u0105 w Krakowie, ul. Szlak 77\/222, 31-153 Krak\u00f3w, wpisana do rejestru przedsi\u0119biorc\u00f3w Krajowego Rejestru S\u0105dowego, akta rejestrowe: S\u0105d Rejonowy [&hellip;]<\/p>\n","protected":false},"author":3,"featured_media":0,"parent":0,"menu_order":0,"comment_status":"closed","ping_status":"closed","template":"page-bialetlo.php","meta":{"_monsterinsights_skip_tracking":false,"_monsterinsights_sitenote_active":false,"_monsterinsights_sitenote_note":"","_monsterinsights_sitenote_category":0,"footnotes":""},"class_list":["post-3289","page","type-page","status-publish","hentry"],"yoast_head":"<!-- This site is optimized with the Yoast SEO plugin v25.2 - https:\/\/yoast.com\/wordpress\/plugins\/seo\/ -->\n<title>Polityka Prywatno\u015bci Facebook &#187; NAVEO \u00bb<\/title>\n<meta name=\"robots\" content=\"index, follow, max-snippet:-1, max-image-preview:large, max-video-preview:-1\" \/>\n<link rel=\"canonical\" href=\"https:\/\/naveo.pl\/en\/polityka-prywatnosci-facebook\/\" \/>\n<meta property=\"og:locale\" content=\"en_US\" \/>\n<meta property=\"og:type\" content=\"article\" \/>\n<meta property=\"og:title\" content=\"Polityka Prywatno\u015bci Facebook &#187; NAVEO \u00bb\" \/>\n<meta property=\"og:description\" content=\"&nbsp; &nbsp; &nbsp; &nbsp; POLITYKA PRYWATNO\u015aCI SERWISU NAVEO na portalu FACEBOOK I. Administrator danych osobowych Administratorem danych osobowych u\u017cytkownik\u00f3w portalu spo\u0142eczno\u015bciowego Facebook odwiedzaj\u0105cych profil naszej firmy pod adresem https:\/\/pl-pl.facebook.com\/pg\/NaveoConsulting\/ \u00a0jest Naveo Consulting S\u0119k sp. j. z siedzib\u0105 w Krakowie, ul. Szlak 77\/222, 31-153 Krak\u00f3w, wpisana do rejestru przedsi\u0119biorc\u00f3w Krajowego Rejestru S\u0105dowego, akta rejestrowe: S\u0105d Rejonowy [&hellip;]\" \/>\n<meta property=\"og:url\" content=\"https:\/\/naveo.pl\/en\/polityka-prywatnosci-facebook\/\" \/>\n<meta property=\"og:site_name\" content=\"NAVEO \u00bb\" \/>\n<meta property=\"article:publisher\" content=\"https:\/\/www.facebook.com\/NaveoConsulting\" \/>\n<meta property=\"article:modified_time\" content=\"2022-05-06T08:19:26+00:00\" \/>\n<meta name=\"twitter:card\" content=\"summary_large_image\" \/>\n<meta name=\"twitter:label1\" content=\"Est. reading time\" \/>\n\t<meta name=\"twitter:data1\" content=\"5 minutes\" \/>\n<script type=\"application\/ld+json\" class=\"yoast-schema-graph\">{\"@context\":\"https:\/\/schema.org\",\"@graph\":[{\"@type\":\"WebPage\",\"@id\":\"https:\/\/naveo.pl\/en\/polityka-prywatnosci-facebook\/\",\"url\":\"https:\/\/naveo.pl\/en\/polityka-prywatnosci-facebook\/\",\"name\":\"Polityka Prywatno\u015bci Facebook &#187; NAVEO \u00bb\",\"isPartOf\":{\"@id\":\"https:\/\/naveo.pl\/#website\"},\"datePublished\":\"2022-03-08T17:18:33+00:00\",\"dateModified\":\"2022-05-06T08:19:26+00:00\",\"breadcrumb\":{\"@id\":\"https:\/\/naveo.pl\/en\/polityka-prywatnosci-facebook\/#breadcrumb\"},\"inLanguage\":\"en-US\",\"potentialAction\":[{\"@type\":\"ReadAction\",\"target\":[\"https:\/\/naveo.pl\/en\/polityka-prywatnosci-facebook\/\"]}]},{\"@type\":\"BreadcrumbList\",\"@id\":\"https:\/\/naveo.pl\/en\/polityka-prywatnosci-facebook\/#breadcrumb\",\"itemListElement\":[{\"@type\":\"ListItem\",\"position\":1,\"name\":\"Home\",\"item\":\"https:\/\/naveo.pl\/en\/home\/\"},{\"@type\":\"ListItem\",\"position\":2,\"name\":\"Polityka Prywatno\u015bci Facebook\"}]},{\"@type\":\"WebSite\",\"@id\":\"https:\/\/naveo.pl\/#website\",\"url\":\"https:\/\/naveo.pl\/\",\"name\":\"NAVEO.pl \u00bb\",\"description\":\"doradztwo biznesowe dla kancelarii, szkolenie prawnik\u00f3w, psychometria, narz\u0119dzia finansowe\",\"publisher\":{\"@id\":\"https:\/\/naveo.pl\/#organization\"},\"potentialAction\":[{\"@type\":\"SearchAction\",\"target\":{\"@type\":\"EntryPoint\",\"urlTemplate\":\"https:\/\/naveo.pl\/?s={search_term_string}\"},\"query-input\":{\"@type\":\"PropertyValueSpecification\",\"valueRequired\":true,\"valueName\":\"search_term_string\"}}],\"inLanguage\":\"en-US\"},{\"@type\":\"Organization\",\"@id\":\"https:\/\/naveo.pl\/#organization\",\"name\":\"NAVEO CONSULTING S\u0118K sp. j.\",\"url\":\"https:\/\/naveo.pl\/\",\"logo\":{\"@type\":\"ImageObject\",\"inLanguage\":\"en-US\",\"@id\":\"https:\/\/naveo.pl\/#\/schema\/logo\/image\/\",\"url\":\"https:\/\/naveo.pl\/wp-content\/uploads\/2019\/05\/Naveo_logo_2019c.png\",\"contentUrl\":\"https:\/\/naveo.pl\/wp-content\/uploads\/2019\/05\/Naveo_logo_2019c.png\",\"width\":2947,\"height\":1498,\"caption\":\"NAVEO CONSULTING S\u0118K sp. j.\"},\"image\":{\"@id\":\"https:\/\/naveo.pl\/#\/schema\/logo\/image\/\"},\"sameAs\":[\"https:\/\/www.facebook.com\/NaveoConsulting\",\"https:\/\/www.linkedin.com\/company\/naveo-consulting-s\u0119k-sp-j\/\"]}]}<\/script>\n<!-- \/ Yoast SEO plugin. -->","yoast_head_json":{"title":"Polityka Prywatno\u015bci Facebook &#187; NAVEO \u00bb","robots":{"index":"index","follow":"follow","max-snippet":"max-snippet:-1","max-image-preview":"max-image-preview:large","max-video-preview":"max-video-preview:-1"},"canonical":"https:\/\/naveo.pl\/en\/polityka-prywatnosci-facebook\/","og_locale":"en_US","og_type":"article","og_title":"Polityka Prywatno\u015bci Facebook &#187; NAVEO \u00bb","og_description":"&nbsp; &nbsp; &nbsp; &nbsp; POLITYKA PRYWATNO\u015aCI SERWISU NAVEO na portalu FACEBOOK I. Administrator danych osobowych Administratorem danych osobowych u\u017cytkownik\u00f3w portalu spo\u0142eczno\u015bciowego Facebook odwiedzaj\u0105cych profil naszej firmy pod adresem https:\/\/pl-pl.facebook.com\/pg\/NaveoConsulting\/ \u00a0jest Naveo Consulting S\u0119k sp. j. z siedzib\u0105 w Krakowie, ul. Szlak 77\/222, 31-153 Krak\u00f3w, wpisana do rejestru przedsi\u0119biorc\u00f3w Krajowego Rejestru S\u0105dowego, akta rejestrowe: S\u0105d Rejonowy [&hellip;]","og_url":"https:\/\/naveo.pl\/en\/polityka-prywatnosci-facebook\/","og_site_name":"NAVEO \u00bb","article_publisher":"https:\/\/www.facebook.com\/NaveoConsulting","article_modified_time":"2022-05-06T08:19:26+00:00","twitter_card":"summary_large_image","twitter_misc":{"Est. reading time":"5 minutes"},"schema":{"@context":"https:\/\/schema.org","@graph":[{"@type":"WebPage","@id":"https:\/\/naveo.pl\/en\/polityka-prywatnosci-facebook\/","url":"https:\/\/naveo.pl\/en\/polityka-prywatnosci-facebook\/","name":"Polityka Prywatno\u015bci Facebook &#187; NAVEO \u00bb","isPartOf":{"@id":"https:\/\/naveo.pl\/#website"},"datePublished":"2022-03-08T17:18:33+00:00","dateModified":"2022-05-06T08:19:26+00:00","breadcrumb":{"@id":"https:\/\/naveo.pl\/en\/polityka-prywatnosci-facebook\/#breadcrumb"},"inLanguage":"en-US","potentialAction":[{"@type":"ReadAction","target":["https:\/\/naveo.pl\/en\/polityka-prywatnosci-facebook\/"]}]},{"@type":"BreadcrumbList","@id":"https:\/\/naveo.pl\/en\/polityka-prywatnosci-facebook\/#breadcrumb","itemListElement":[{"@type":"ListItem","position":1,"name":"Home","item":"https:\/\/naveo.pl\/en\/home\/"},{"@type":"ListItem","position":2,"name":"Polityka Prywatno\u015bci Facebook"}]},{"@type":"WebSite","@id":"https:\/\/naveo.pl\/#website","url":"https:\/\/naveo.pl\/","name":"NAVEO.pl \u00bb","description":"doradztwo biznesowe dla kancelarii, szkolenie prawnik\u00f3w, psychometria, narz\u0119dzia finansowe","publisher":{"@id":"https:\/\/naveo.pl\/#organization"},"potentialAction":[{"@type":"SearchAction","target":{"@type":"EntryPoint","urlTemplate":"https:\/\/naveo.pl\/?s={search_term_string}"},"query-input":{"@type":"PropertyValueSpecification","valueRequired":true,"valueName":"search_term_string"}}],"inLanguage":"en-US"},{"@type":"Organization","@id":"https:\/\/naveo.pl\/#organization","name":"NAVEO CONSULTING S\u0118K sp. j.","url":"https:\/\/naveo.pl\/","logo":{"@type":"ImageObject","inLanguage":"en-US","@id":"https:\/\/naveo.pl\/#\/schema\/logo\/image\/","url":"https:\/\/naveo.pl\/wp-content\/uploads\/2019\/05\/Naveo_logo_2019c.png","contentUrl":"https:\/\/naveo.pl\/wp-content\/uploads\/2019\/05\/Naveo_logo_2019c.png","width":2947,"height":1498,"caption":"NAVEO CONSULTING S\u0118K sp. j."},"image":{"@id":"https:\/\/naveo.pl\/#\/schema\/logo\/image\/"},"sameAs":["https:\/\/www.facebook.com\/NaveoConsulting","https:\/\/www.linkedin.com\/company\/naveo-consulting-s\u0119k-sp-j\/"]}]}},"_links":{"self":[{"href":"https:\/\/naveo.pl\/en\/wp-json\/wp\/v2\/pages\/3289","targetHints":{"allow":["GET"]}}],"collection":[{"href":"https:\/\/naveo.pl\/en\/wp-json\/wp\/v2\/pages"}],"about":[{"href":"https:\/\/naveo.pl\/en\/wp-json\/wp\/v2\/types\/page"}],"author":[{"embeddable":true,"href":"https:\/\/naveo.pl\/en\/wp-json\/wp\/v2\/users\/3"}],"replies":[{"embeddable":true,"href":"https:\/\/naveo.pl\/en\/wp-json\/wp\/v2\/comments?post=3289"}],"version-history":[{"count":1,"href":"https:\/\/naveo.pl\/en\/wp-json\/wp\/v2\/pages\/3289\/revisions"}],"predecessor-version":[{"id":3290,"href":"https:\/\/naveo.pl\/en\/wp-json\/wp\/v2\/pages\/3289\/revisions\/3290"}],"wp:attachment":[{"href":"https:\/\/naveo.pl\/en\/wp-json\/wp\/v2\/media?parent=3289"}],"curies":[{"name":"wp","href":"https:\/\/api.w.org\/{rel}","templated":true}]}}