{"id":3281,"date":"2020-10-20T14:12:41","date_gmt":"2020-10-20T13:12:41","guid":{"rendered":"https:\/\/naveo.pl\/?page_id=3281"},"modified":"2022-05-05T11:09:33","modified_gmt":"2022-05-05T10:09:33","slug":"polityka-prywatnosci","status":"publish","type":"page","link":"https:\/\/naveo.pl\/en\/polityka-prywatnosci\/","title":{"rendered":"POLITYKA PRYWATNO\u015aCI"},"content":{"rendered":"<p style=\"text-align: center;\"><span style=\"color: #003366; font-family: verdana, geneva, sans-serif; font-size: 10pt;\">POLITYKA PRYWATNO\u015aCI SERWIS\u00d3W INTERNETOWYCH<\/span><br \/>\n<span style=\"color: #003366; font-family: verdana, geneva, sans-serif; font-size: 10pt;\">NAVEO<\/span><\/p>\n<p><span style=\"color: #003366; font-family: verdana, geneva, sans-serif; font-size: 10pt;\">1. Administratorem danych osobowych u\u017cytkownik\u00f3w i us\u0142ugobiorc\u00f3w Serwisu jest NAVEO CONSULTING S\u0119k sp\u00f3\u0142ka jawna, ul. Szlak 77\/222, 31-153 Krak\u00f3w, wpisana do rejestru przedsi\u0119biorc\u00f3w Krajowego Rejestru S\u0105dowego prowadzonego przez S\u0105d Rejonowy dla Krakowa \u2013 \u015ar\u00f3dmie\u015bcia w Krakowie, XI Wydzia\u0142 Gospodarczy KRS pod numerem KRS 0000472769, NIP 7792415280, REGON 302502104, e-mail: biuro@naveo.pl.<\/span><\/p>\n<p><span style=\"color: #003366; font-family: verdana, geneva, sans-serif; font-size: 10pt;\">2. Dane osobowe u\u017cytkownik\u00f3w\/us\u0142ugobiorc\u00f3w przetwarzane s\u0105 w celu:<\/span><\/p>\n<p style=\"padding-left: 40px;\"><span style=\"color: #003366; font-family: verdana, geneva, sans-serif; font-size: 10pt;\">a) prowadzenia Serwisu i zapewnienia jego prawid\u0142owego funkcjonowania \u2013 dlatego, \u017ce wynika to z prawnie uzasadnionych interes\u00f3w realizowanych przez Naveo, jakimi jest zapewnienie prawid\u0142owego funkcjonowania w\u0142asnej strony internetowej (art. 6 ust. 1 lit. f) RODO);<\/span><br \/>\n<span style=\"color: #003366; font-family: verdana, geneva, sans-serif; font-size: 10pt;\">b) prawid\u0142owej realizacji us\u0142ug w ramach Serwisu \u2013 dlatego, \u017ce jest to niezb\u0119dne do wykonania umowy, kt\u00f3rej stron\u0105 jest us\u0142ugobiorca lub do podj\u0119cia dzia\u0142a\u0144 na \u017c\u0105danie us\u0142ugobiorcy przed zawarciem umowy (art. 6 ust. 1 lit. b) RODO);<\/span><br \/>\n<span style=\"color: #003366; font-family: verdana, geneva, sans-serif; font-size: 10pt;\">c) w celu marketingu bezpo\u015bredniego produkt\u00f3w\/us\u0142ug Naveo \u2013 dlatego, \u017ce wynika to z prawnie uzasadnionych interes\u00f3w realizowanych przez Naveo, jakimi jest marketing bezpo\u015bredni produkt\u00f3w\/us\u0142ug Naveo (art. 6 ust. 1 lit. f) RODO oraz motyw 47 RODO)<\/span><br \/>\n<span style=\"color: #003366; font-family: verdana, geneva, sans-serif; font-size: 10pt;\">W przypadku, gdy u\u017cytkownik\/us\u0142ugobiorca wyrazi\u0142 zgod\u0119 na kontakt marketingowy ze strony Naveo, przetwarzamy dane na potrzeby takiego kontaktu na podstawie zgody u\u017cytkownika\/us\u0142ugobiorcy (art. 6 ust. 1 lit. a) RODO).<\/span><\/p>\n<p><span style=\"color: #003366; font-family: verdana, geneva, sans-serif; font-size: 10pt;\">3. Podanie jakichkolwiek danych osobowych jest dobrowolne, jednak\u017ce dla cel\u00f3w korzystania z us\u0142ug oferowanych w Serwisie wymagane jest podanie danych wskazanych w formularzu s\u0142u\u017c\u0105cym do skorzystania z danej us\u0142ugi lub zam\u00f3wienia jej. W takich przypadkach niepodanie danych uniemo\u017cliwia skorzystania z us\u0142ugi.<\/span><\/p>\n<p><span style=\"color: #003366; font-family: verdana, geneva, sans-serif; font-size: 10pt;\">4. Administrator pozyskuje dane osobowe bezpo\u015brednio od u\u017cytkownik\u00f3w, jak i us\u0142ugobiorc\u00f3w Serwisu. Podstawowym sposobem pozyskiwania danych jest dobrowolne wype\u0142nienie formularza.<\/span><\/p>\n<p><span style=\"color: #003366; font-family: verdana, geneva, sans-serif; font-size: 10pt;\">5. Administrator na stronie internetowej stosuje pliki cookies oraz inne podobne im technologie, dzi\u0119ki kt\u00f3rym dochodzi o zbierania i przetwarzania informacji dotycz\u0105cych korzystania ze strony. Pliki cookies oraz podobne technologie przewa\u017cnie nie s\u0142u\u017c\u0105 do zbierania informacji o konkretnej, mo\u017cliwej do zidentyfikowania osobie. W niekt\u00f3rych przypadkach pozyskiwane przez nie informacje mog\u0105 jednak stanowi\u0107 dane osobowe. Wi\u0119cej informacji o szczeg\u00f3\u0142owych zasadach, na jakich administrator stosuje pliki cookies i podobne technologie mo\u017cna znale\u017a\u0107 w <a href=\"https:\/\/naveo.pl\/cookies-i-podobne-technologie\/\">Polityce Cookies<\/a>.<\/span><\/p>\n<p><span style=\"color: #003366; font-family: verdana, geneva, sans-serif; font-size: 10pt;\">6. Je\u015bli u\u017cytkownik\/us\u0142ugobiorca zapisuje si\u0119 na Newsletter \u2013 jego dane s\u0105 przechowywane przez okres, przez jaki jest zapisany, do czasu wyrejestrowania si\u0119 z Newslettera. Na potrzeby realizacji us\u0142ug dostawy dane przechowywane s\u0105 przez okres realizacji umowy. Po ww. okresie dane b\u0119d\u0105 przechowywane dlatego, \u017ce zgodnie z przepisami o rachunkowo\u015bci administrator ma obowi\u0105zek przechowywa\u0107 dokumentacj\u0119 rozliczeniow\u0105 przez okres 5 lat od zako\u0144czenia roku, w kt\u00f3rym dosz\u0142o do \u015bwiadczenia i rozliczenia us\u0142ug. Dane przetwarzane w bazie marketingowej administrator przechowujemy przez ca\u0142y okres, kiedy u\u017cytkownik\/us\u0142ugobiorca jest klientem lub potencjalnym klientem administratora oraz p\u00f3\u017aniej przez okres 5 lat licz\u0105c od czasu kiedy przesta\u0142 by\u0107 klientem lub potencjalnym klientem (zaprzesta\u0142 korzysta\u0107 z us\u0142ug lub nie wyrazi\u0142 zainteresowania nimi).<\/span><\/p>\n<p><span style=\"color: #003366; font-family: verdana, geneva, sans-serif; font-size: 10pt;\">7. U\u017cytkownikom oraz us\u0142ugobiorcom w ka\u017cdej chwili przys\u0142uguje prawo:<\/span><\/p>\n<p style=\"padding-left: 40px;\"><span style=\"color: #003366; font-family: verdana, geneva, sans-serif; font-size: 10pt;\">a) dost\u0119pu do swoich danych osobowych;<\/span><br \/>\n<span style=\"color: #003366; font-family: verdana, geneva, sans-serif; font-size: 10pt;\">b) sprostowania danych osobowych, w tym ich aktualizacji;<\/span><br \/>\n<span style=\"color: #003366; font-family: verdana, geneva, sans-serif; font-size: 10pt;\">c) \u017c\u0105dania usuni\u0119cia danych osobowych;<\/span><br \/>\n<span style=\"color: #003366; font-family: verdana, geneva, sans-serif; font-size: 10pt;\">d) \u017c\u0105dania ograniczenia przetwarzania danych osobowych;<\/span><br \/>\n<span style=\"color: #003366; font-family: verdana, geneva, sans-serif; font-size: 10pt;\">e) przeniesienia danych osobowych;<\/span><br \/>\n<span style=\"color: #003366; font-family: verdana, geneva, sans-serif; font-size: 10pt;\">f) wycofania zgody na przetwarzanie danych osobowych w ka\u017cdej chwili bez wp\u0142ywu na zgodno\u015b\u0107 z prawem przetwarzania, kt\u00f3rego dokonano na podstawie zgody przed jej cofni\u0119ciem \u2013 o ile przetwarzanie danych opiera si\u0119 na jej udzieleniu.<\/span><\/p>\n<p><span style=\"color: #003366; font-family: verdana, geneva, sans-serif; font-size: 10pt;\">8. Obok powy\u017cej wskazanych praw, u\u017cytkownikom oraz us\u0142ugobiorcom w ka\u017cdej chwili przys\u0142uguje r\u00f3wnie\u017c prawo wniesienia sprzeciwu wobec przetwarzania danych osobowych z przyczyn zwi\u0105zanych z ich szczeg\u00f3ln\u0105 sytuacj\u0105, a tak\u017ce prawo wniesienia sprzeciwu wobec przetwarzania danych w celach marketingu bezpo\u015bredniego produkt\u00f3w\/us\u0142ug Naveo.<\/span><\/p>\n<p><span style=\"color: #003366; font-family: verdana, geneva, sans-serif; font-size: 10pt;\">9. Aby skorzysta\u0107 z kt\u00f3regokolwiek z uprawnie\u0144 wskazanych w ust. 7-8 powy\u017cej, wystarczy, \u017ce u\u017cytkownik\/us\u0142ugobiorca skontaktuje si\u0119 z Administratorem np. na adres e-mail: biuro@naveo.pl.<\/span><\/p>\n<p><span style=\"color: #003366; font-family: verdana, geneva, sans-serif; font-size: 10pt;\">10. U\u017cytkownikom oraz us\u0142ugobiorcom przys\u0142uguje prawo do wniesienia skargi do organu nadzorczego \u2013 Prezesa Urz\u0119du Ochrony Danych Osobowych. W ramach wykonania tego uprawnienia nale\u017cy poda\u0107 pe\u0142ny opis zaistnia\u0142ej sytuacji, wskaza\u0107, jakie dzia\u0142anie uznaje si\u0119 za naruszaj\u0105ce prawa lub wolno\u015bci oraz czego si\u0119 w zwi\u0105zku z tym domaga. Skarg\u0119 nale\u017cy z\u0142o\u017cy\u0107 bezpo\u015brednio do organu nadzoru: ul. Stawki 2, 00-193 Warszawa.<\/span><\/p>\n<p><span style=\"color: #003366; font-family: verdana, geneva, sans-serif; font-size: 10pt;\">11. Dane osobowe u\u017cytkownik\u00f3w\/us\u0142ugobiorc\u00f3w mog\u0105 by\u0107 ujawniane wspieraj\u0105cym nas podmiotom wsp\u00f3\u0142pracuj\u0105cym z nami np. przy prowadzeniu Newslettera czy us\u0142ugach doradczych, w tym ksi\u0119gowych, dostawcom narz\u0119dzi teleinformatycznych oraz marketingowych, w tym hostingu, naszym podwykonawcom w procesie Pa\u0144stwa obs\u0142ugi.<\/span><\/p>\n<p><span style=\"color: #003366; font-family: verdana, geneva, sans-serif; font-size: 10pt;\">12. Przy przetwarzaniu danych u\u017cytkownik\u00f3w\/us\u0142ugobiorc\u00f3w do cel\u00f3w marketingu bezpo\u015bredniego Administrator chce prowadzi\u0107 kontakt i oferowa\u0107 produkty oraz us\u0142ugi dopasowane do zainteresowa\u0144 i potrzeb u\u017cytkownik\u00f3w\/us\u0142ugobiorc\u00f3w. Aby by\u0142o to mo\u017cliwe, Administrator dokonuje profilowania, kt\u00f3re jednak w \u017cadnym przypadku ma wp\u0142ywu na prawa lub wolno\u015bci u\u017cytkownik\u00f3w\/us\u0142ugobiorc\u00f3w ani w inny podobny spos\u00f3b na nich nie wp\u0142ywa.<\/span><\/p>\n<p><span style=\"color: #003366; font-family: verdana, geneva, sans-serif; font-size: 10pt;\">13. Przy prowadzeniu serwisu Administrator korzysta z narz\u0119dzi dostarczanych przez podmioty, kt\u00f3re znajduj\u0105 si\u0119 poza Europejskim Obszarem Gospodarczym, a niekt\u00f3rzy z dostawc\u00f3w us\u0142ug mog\u0105 przechowywa\u0107 dane poza ww. terytorium. Ilekro\u0107 mog\u0142oby dochodzi\u0107 do przekazywania danych u\u017cytkownik\u00f3w\/us\u0142ugobiorc\u00f3w poza Europejski Obszar Gospodarczy, trafi\u0105 one tam standardowo wy\u0142\u0105cznie w ramach procedur i warunk\u00f3w wymaganych przepisami o ochronie danych osobowych, a wi\u0119c:<\/span><\/p>\n<p style=\"padding-left: 40px;\"><span style=\"color: #003366; font-family: verdana, geneva, sans-serif; font-size: 10pt;\">a) do takich kraj\u00f3w, co do kt\u00f3rych Komisja Europejska wyda\u0142a decyzj\u0119 stwierdzaj\u0105c\u0105, \u017ce zapewniaj\u0105 one odpowiedni stopie\u0144 ochrony, albo<\/span><br \/>\n<span style=\"color: #003366; font-family: verdana, geneva, sans-serif; font-size: 10pt;\">b) w razie braku ww. decyzji \u2013 po zapewnieniu odpowiednich zabezpiecze\u0144 i pod warunkiem, \u017ce obowi\u0105zuj\u0105 egzekwowalne prawa os\u00f3b, kt\u00f3rych dane dotycz\u0105 oraz skuteczne \u015brodki ochrony prawnej, np. na podstawie zawarcia z podmiotem, do kt\u00f3rego dane maj\u0105 zosta\u0107 przekazane standardowych klauzul ochrony danych przyj\u0119tych przez Komisj\u0119 Europejsk\u0105.<\/span><br \/>\n<span style=\"color: #003366; font-family: verdana, geneva, sans-serif; font-size: 10pt;\">Wyj\u0105tkowo do przekazywania danych u\u017cytkownik\u00f3w\/us\u0142ugobiorc\u00f3w poza Europejski Obszar Gospodarczy mo\u017ce dochodzi\u0107:<\/span><br \/>\n<span style=\"color: #003366; font-family: verdana, geneva, sans-serif; font-size: 10pt;\">c) je\u015bli u\u017cytkownik\/us\u0142ugobiorca, poinformowany o ewentualnym ryzyku, z kt\u00f3rymi \u2013 ze wzgl\u0119du na brak decyzji stwierdzaj\u0105cej odpowiedni stopie\u0144 ochrony oraz na brak odpowiednich zabezpiecze\u0144 \u2013 mo\u017ce si\u0119 dla niego wi\u0105za\u0107 proponowane przekazanie, wyra\u017anie wyrazi na nie zgod\u0119;<\/span><br \/>\n<span style=\"color: #003366; font-family: verdana, geneva, sans-serif; font-size: 10pt;\">d) je\u015bli przekazanie jest niezb\u0119dne do wykonania umowy pomi\u0119dzy Naveo a us\u0142ugobiorc\u0105 lub do wprowadzenia w \u017cycie \u015brodk\u00f3w przedumownych podejmowanych na \u017c\u0105danie przysz\u0142ego us\u0142ugobiorcy;<\/span><br \/>\n<span style=\"color: #003366; font-family: verdana, geneva, sans-serif; font-size: 10pt;\">e) je\u015bli przekazanie jest niezb\u0119dne do zawarcia lub wykonania umowy zawartej w u\u017cytkownika\/us\u0142ugobiorcy pomi\u0119dzy Naveo a inn\u0105 osob\u0105 fizyczn\u0105 lub prawn\u0105;<\/span><br \/>\n<span style=\"color: #003366; font-family: verdana, geneva, sans-serif; font-size: 10pt;\">f) gdy przekazanie jest niezb\u0119dne ze wzgl\u0119du na wa\u017cne wzgl\u0119dy interesu publicznego;<\/span><br \/>\n<span style=\"color: #003366; font-family: verdana, geneva, sans-serif; font-size: 10pt;\">g) przekazanie jest niezb\u0119dne do ustalenia, dochodzenia lub ochrony roszcze\u0144.<\/span><br \/>\n<span style=\"color: #003366; font-family: verdana, geneva, sans-serif; font-size: 10pt;\">U\u017cytkownik\/us\u0142ugobiorca mo\u017ce uzyska\u0107 szczeg\u00f3\u0142owe informacje na temat stosowanych zabezpiecze\u0144 poprzez kontakt z administratorem z u\u017cyciem danych kontaktowych wskazanych w pkt 1 powy\u017cej.<\/span><\/p>\n<p><span style=\"color: #003366; font-family: verdana, geneva, sans-serif; font-size: 10pt;\">14. Administrator danych mo\u017ce dokonywa\u0107 zmian w niniejszej Polityce Prywatno\u015bci w ka\u017cdym czasie z uwagi na zmian\u0119 przepis\u00f3w prawa, zmiany techniczne Serwisu, nowe funkcjonalno\u015bci lub modyfikacje Serwisu. Zmiany niniejszej Polityki Prywatno\u015bci nie mog\u0105 pozbawia\u0107 u\u017cytkownik\u00f3w praw nabytych i odnosz\u0105 one skutek na przysz\u0142o\u015b\u0107, od daty wprowadzenia zmiany. U\u017cytkownik, kt\u00f3ry nie b\u0119dzie zgadza\u0142 si\u0119 na zmiany Polityki Prywatno\u015bci mo\u017ce w ka\u017cdej chwili zaprzesta\u0107 korzystania z Serwisu oraz jego us\u0142ug.<\/span><\/p>\n","protected":false},"excerpt":{"rendered":"<p>POLITYKA PRYWATNO\u015aCI SERWIS\u00d3W INTERNETOWYCH NAVEO 1. Administratorem danych osobowych u\u017cytkownik\u00f3w i us\u0142ugobiorc\u00f3w Serwisu jest NAVEO CONSULTING S\u0119k sp\u00f3\u0142ka jawna, ul. Szlak 77\/222, 31-153 Krak\u00f3w, wpisana do rejestru przedsi\u0119biorc\u00f3w Krajowego Rejestru S\u0105dowego prowadzonego przez S\u0105d Rejonowy dla Krakowa \u2013 \u015ar\u00f3dmie\u015bcia w Krakowie, XI Wydzia\u0142 Gospodarczy KRS pod numerem KRS 0000472769, NIP 7792415280, REGON 302502104, e-mail: biuro@naveo.pl. [&hellip;]<\/p>\n","protected":false},"author":3,"featured_media":0,"parent":0,"menu_order":0,"comment_status":"closed","ping_status":"closed","template":"page-bialetlo.php","meta":{"_monsterinsights_skip_tracking":false,"_monsterinsights_sitenote_active":false,"_monsterinsights_sitenote_note":"","_monsterinsights_sitenote_category":0,"footnotes":""},"class_list":["post-3281","page","type-page","status-publish","hentry"],"yoast_head":"<!-- This site is optimized with the Yoast SEO plugin v25.2 - https:\/\/yoast.com\/wordpress\/plugins\/seo\/ -->\n<title>POLITYKA PRYWATNO\u015aCI &#187; NAVEO \u00bb<\/title>\n<meta name=\"robots\" content=\"index, follow, max-snippet:-1, max-image-preview:large, max-video-preview:-1\" \/>\n<link rel=\"canonical\" href=\"https:\/\/naveo.pl\/en\/polityka-prywatnosci\/\" \/>\n<meta property=\"og:locale\" content=\"en_US\" \/>\n<meta property=\"og:type\" content=\"article\" \/>\n<meta property=\"og:title\" content=\"POLITYKA PRYWATNO\u015aCI &#187; NAVEO \u00bb\" \/>\n<meta property=\"og:description\" content=\"POLITYKA PRYWATNO\u015aCI SERWIS\u00d3W INTERNETOWYCH NAVEO 1. Administratorem danych osobowych u\u017cytkownik\u00f3w i us\u0142ugobiorc\u00f3w Serwisu jest NAVEO CONSULTING S\u0119k sp\u00f3\u0142ka jawna, ul. Szlak 77\/222, 31-153 Krak\u00f3w, wpisana do rejestru przedsi\u0119biorc\u00f3w Krajowego Rejestru S\u0105dowego prowadzonego przez S\u0105d Rejonowy dla Krakowa \u2013 \u015ar\u00f3dmie\u015bcia w Krakowie, XI Wydzia\u0142 Gospodarczy KRS pod numerem KRS 0000472769, NIP 7792415280, REGON 302502104, e-mail: biuro@naveo.pl. [&hellip;]\" \/>\n<meta property=\"og:url\" content=\"https:\/\/naveo.pl\/en\/polityka-prywatnosci\/\" \/>\n<meta property=\"og:site_name\" content=\"NAVEO \u00bb\" \/>\n<meta property=\"article:publisher\" content=\"https:\/\/www.facebook.com\/NaveoConsulting\" \/>\n<meta property=\"article:modified_time\" content=\"2022-05-05T10:09:33+00:00\" \/>\n<meta name=\"twitter:card\" content=\"summary_large_image\" \/>\n<meta name=\"twitter:label1\" content=\"Est. reading time\" \/>\n\t<meta name=\"twitter:data1\" content=\"7 minutes\" \/>\n<script type=\"application\/ld+json\" class=\"yoast-schema-graph\">{\"@context\":\"https:\/\/schema.org\",\"@graph\":[{\"@type\":\"WebPage\",\"@id\":\"https:\/\/naveo.pl\/en\/polityka-prywatnosci\/\",\"url\":\"https:\/\/naveo.pl\/en\/polityka-prywatnosci\/\",\"name\":\"POLITYKA PRYWATNO\u015aCI &#187; NAVEO \u00bb\",\"isPartOf\":{\"@id\":\"https:\/\/naveo.pl\/#website\"},\"datePublished\":\"2020-10-20T13:12:41+00:00\",\"dateModified\":\"2022-05-05T10:09:33+00:00\",\"breadcrumb\":{\"@id\":\"https:\/\/naveo.pl\/en\/polityka-prywatnosci\/#breadcrumb\"},\"inLanguage\":\"en-US\",\"potentialAction\":[{\"@type\":\"ReadAction\",\"target\":[\"https:\/\/naveo.pl\/en\/polityka-prywatnosci\/\"]}]},{\"@type\":\"BreadcrumbList\",\"@id\":\"https:\/\/naveo.pl\/en\/polityka-prywatnosci\/#breadcrumb\",\"itemListElement\":[{\"@type\":\"ListItem\",\"position\":1,\"name\":\"Home\",\"item\":\"https:\/\/naveo.pl\/en\/home\/\"},{\"@type\":\"ListItem\",\"position\":2,\"name\":\"POLITYKA PRYWATNO\u015aCI\"}]},{\"@type\":\"WebSite\",\"@id\":\"https:\/\/naveo.pl\/#website\",\"url\":\"https:\/\/naveo.pl\/\",\"name\":\"NAVEO.pl \u00bb\",\"description\":\"doradztwo biznesowe dla kancelarii, szkolenie prawnik\u00f3w, psychometria, narz\u0119dzia finansowe\",\"publisher\":{\"@id\":\"https:\/\/naveo.pl\/#organization\"},\"potentialAction\":[{\"@type\":\"SearchAction\",\"target\":{\"@type\":\"EntryPoint\",\"urlTemplate\":\"https:\/\/naveo.pl\/?s={search_term_string}\"},\"query-input\":{\"@type\":\"PropertyValueSpecification\",\"valueRequired\":true,\"valueName\":\"search_term_string\"}}],\"inLanguage\":\"en-US\"},{\"@type\":\"Organization\",\"@id\":\"https:\/\/naveo.pl\/#organization\",\"name\":\"NAVEO CONSULTING S\u0118K sp. j.\",\"url\":\"https:\/\/naveo.pl\/\",\"logo\":{\"@type\":\"ImageObject\",\"inLanguage\":\"en-US\",\"@id\":\"https:\/\/naveo.pl\/#\/schema\/logo\/image\/\",\"url\":\"https:\/\/naveo.pl\/wp-content\/uploads\/2019\/05\/Naveo_logo_2019c.png\",\"contentUrl\":\"https:\/\/naveo.pl\/wp-content\/uploads\/2019\/05\/Naveo_logo_2019c.png\",\"width\":2947,\"height\":1498,\"caption\":\"NAVEO CONSULTING S\u0118K sp. j.\"},\"image\":{\"@id\":\"https:\/\/naveo.pl\/#\/schema\/logo\/image\/\"},\"sameAs\":[\"https:\/\/www.facebook.com\/NaveoConsulting\",\"https:\/\/www.linkedin.com\/company\/naveo-consulting-s\u0119k-sp-j\/\"]}]}<\/script>\n<!-- \/ Yoast SEO plugin. -->","yoast_head_json":{"title":"POLITYKA PRYWATNO\u015aCI &#187; NAVEO \u00bb","robots":{"index":"index","follow":"follow","max-snippet":"max-snippet:-1","max-image-preview":"max-image-preview:large","max-video-preview":"max-video-preview:-1"},"canonical":"https:\/\/naveo.pl\/en\/polityka-prywatnosci\/","og_locale":"en_US","og_type":"article","og_title":"POLITYKA PRYWATNO\u015aCI &#187; NAVEO \u00bb","og_description":"POLITYKA PRYWATNO\u015aCI SERWIS\u00d3W INTERNETOWYCH NAVEO 1. Administratorem danych osobowych u\u017cytkownik\u00f3w i us\u0142ugobiorc\u00f3w Serwisu jest NAVEO CONSULTING S\u0119k sp\u00f3\u0142ka jawna, ul. Szlak 77\/222, 31-153 Krak\u00f3w, wpisana do rejestru przedsi\u0119biorc\u00f3w Krajowego Rejestru S\u0105dowego prowadzonego przez S\u0105d Rejonowy dla Krakowa \u2013 \u015ar\u00f3dmie\u015bcia w Krakowie, XI Wydzia\u0142 Gospodarczy KRS pod numerem KRS 0000472769, NIP 7792415280, REGON 302502104, e-mail: biuro@naveo.pl. [&hellip;]","og_url":"https:\/\/naveo.pl\/en\/polityka-prywatnosci\/","og_site_name":"NAVEO \u00bb","article_publisher":"https:\/\/www.facebook.com\/NaveoConsulting","article_modified_time":"2022-05-05T10:09:33+00:00","twitter_card":"summary_large_image","twitter_misc":{"Est. reading time":"7 minutes"},"schema":{"@context":"https:\/\/schema.org","@graph":[{"@type":"WebPage","@id":"https:\/\/naveo.pl\/en\/polityka-prywatnosci\/","url":"https:\/\/naveo.pl\/en\/polityka-prywatnosci\/","name":"POLITYKA PRYWATNO\u015aCI &#187; NAVEO \u00bb","isPartOf":{"@id":"https:\/\/naveo.pl\/#website"},"datePublished":"2020-10-20T13:12:41+00:00","dateModified":"2022-05-05T10:09:33+00:00","breadcrumb":{"@id":"https:\/\/naveo.pl\/en\/polityka-prywatnosci\/#breadcrumb"},"inLanguage":"en-US","potentialAction":[{"@type":"ReadAction","target":["https:\/\/naveo.pl\/en\/polityka-prywatnosci\/"]}]},{"@type":"BreadcrumbList","@id":"https:\/\/naveo.pl\/en\/polityka-prywatnosci\/#breadcrumb","itemListElement":[{"@type":"ListItem","position":1,"name":"Home","item":"https:\/\/naveo.pl\/en\/home\/"},{"@type":"ListItem","position":2,"name":"POLITYKA PRYWATNO\u015aCI"}]},{"@type":"WebSite","@id":"https:\/\/naveo.pl\/#website","url":"https:\/\/naveo.pl\/","name":"NAVEO.pl \u00bb","description":"doradztwo biznesowe dla kancelarii, szkolenie prawnik\u00f3w, psychometria, narz\u0119dzia finansowe","publisher":{"@id":"https:\/\/naveo.pl\/#organization"},"potentialAction":[{"@type":"SearchAction","target":{"@type":"EntryPoint","urlTemplate":"https:\/\/naveo.pl\/?s={search_term_string}"},"query-input":{"@type":"PropertyValueSpecification","valueRequired":true,"valueName":"search_term_string"}}],"inLanguage":"en-US"},{"@type":"Organization","@id":"https:\/\/naveo.pl\/#organization","name":"NAVEO CONSULTING S\u0118K sp. j.","url":"https:\/\/naveo.pl\/","logo":{"@type":"ImageObject","inLanguage":"en-US","@id":"https:\/\/naveo.pl\/#\/schema\/logo\/image\/","url":"https:\/\/naveo.pl\/wp-content\/uploads\/2019\/05\/Naveo_logo_2019c.png","contentUrl":"https:\/\/naveo.pl\/wp-content\/uploads\/2019\/05\/Naveo_logo_2019c.png","width":2947,"height":1498,"caption":"NAVEO CONSULTING S\u0118K sp. j."},"image":{"@id":"https:\/\/naveo.pl\/#\/schema\/logo\/image\/"},"sameAs":["https:\/\/www.facebook.com\/NaveoConsulting","https:\/\/www.linkedin.com\/company\/naveo-consulting-s\u0119k-sp-j\/"]}]}},"_links":{"self":[{"href":"https:\/\/naveo.pl\/en\/wp-json\/wp\/v2\/pages\/3281","targetHints":{"allow":["GET"]}}],"collection":[{"href":"https:\/\/naveo.pl\/en\/wp-json\/wp\/v2\/pages"}],"about":[{"href":"https:\/\/naveo.pl\/en\/wp-json\/wp\/v2\/types\/page"}],"author":[{"embeddable":true,"href":"https:\/\/naveo.pl\/en\/wp-json\/wp\/v2\/users\/3"}],"replies":[{"embeddable":true,"href":"https:\/\/naveo.pl\/en\/wp-json\/wp\/v2\/comments?post=3281"}],"version-history":[{"count":1,"href":"https:\/\/naveo.pl\/en\/wp-json\/wp\/v2\/pages\/3281\/revisions"}],"predecessor-version":[{"id":3282,"href":"https:\/\/naveo.pl\/en\/wp-json\/wp\/v2\/pages\/3281\/revisions\/3282"}],"wp:attachment":[{"href":"https:\/\/naveo.pl\/en\/wp-json\/wp\/v2\/media?parent=3281"}],"curies":[{"name":"wp","href":"https:\/\/api.w.org\/{rel}","templated":true}]}}